{"id":3073,"date":"2022-05-27T10:34:41","date_gmt":"2022-05-27T10:34:41","guid":{"rendered":"http:\/\/www.goidelandsiegel.com\/construccion\/"},"modified":"2022-09-05T08:04:24","modified_gmt":"2022-09-05T08:04:24","slug":"construccion","status":"publish","type":"page","link":"https:\/\/www.goidelandsiegel.com\/es\/construccion\/","title":{"rendered":"Construcci\u00f3n"},"content":{"rendered":"<h3><strong>Abogados De Accidentes De Construcci\u00f3n De Nueva York Por M\u00e1s De 30 A\u00f1os<\/strong><\/h3>\n<p><strong>\u00bfSe ha lesionado en un accidente de construcci\u00f3n en la ciudad de Nueva York?<\/strong> Los experimentados abogados de accidentes en la construcci\u00f3n de NYC de <strong>Goidel &amp; Siegel<\/strong> pueden ayudarle a obtener una compensaci\u00f3n por sus lesiones m\u00e1s all\u00e1 de lo que la compensaci\u00f3n de los trabajadores puede proporcionar.<\/p>\n<p>En <strong>Goidel &amp; Siegel, tenemos m\u00e1s de 30 a\u00f1os de experiencia<\/strong> consiguiendo que la gente obtenga el dinero que necesita para cubrir las facturas m\u00e9dicas, los salarios perdidos y el sufrimiento causado por las lesiones en accidentes de construcci\u00f3n en la ciudad de Nueva York. Los abogados defensores y las compa\u00f1\u00edas de seguros respetan nuestra experiencia en juicios, lo que nos ayuda a conseguir para nuestros clientes la m\u00e1xima compensaci\u00f3n a la que tienen derecho. Hemos recuperado millones para nuestros clientes. Vea nuestra p\u00e1gina de <a href=\"http:\/\/www.goidelandsiegel.com\/injury\/ny-personal-injury-lawyer\/\"> resultados de casos.<\/a>   <\/p>\n<p>P\u00f3ngase en contacto con <strong>Goidel &amp; Siegel<\/strong> <a href=\"http:\/\/www.goidelandsiegel.com\/es\/contacto\/\">aqu\u00ed<\/a> o llame al <a href=\"tel:212-404-6783\">212-404-6783<\/a> para una consulta gratuita. Si el ingl\u00e9s no es su primera lengua, tambi\u00e9n hablamos <strong>espa\u00f1ol, ruso, \u00e1rabe, <\/strong>y <strong>farsi.<\/strong><\/p>\n<h2><strong>Tipos de Accidentes de Construcci\u00f3n en Nueva York<\/strong><\/h2>\n","protected":false},"excerpt":{"rendered":"<p>Abogados De Accidentes De Construcci\u00f3n De Nueva York Por M\u00e1s De 30 A\u00f1os \u00bfSe ha lesionado en un accidente de construcci\u00f3n en la ciudad de Nueva York? Los experimentados abogados de accidentes en la construcci\u00f3n de NYC de Goidel &amp; Siegel pueden ayudarle a obtener una compensaci\u00f3n por sus lesiones m\u00e1s all\u00e1 de lo que [&hellip;]<\/p>\n","protected":false},"author":1,"featured_media":1658,"parent":0,"menu_order":0,"comment_status":"closed","ping_status":"closed","template":"parent-page-tpl.php","meta":{"_monsterinsights_skip_tracking":false,"_monsterinsights_sitenote_active":false,"_monsterinsights_sitenote_note":"","_monsterinsights_sitenote_category":0,"footnotes":"","_links_to":"","_links_to_target":""},"class_list":["post-3073","page","type-page","status-publish","has-post-thumbnail","hentry"],"acf":[],"yoast_head":"<!-- This site is optimized with the Yoast SEO plugin v27.4 - https:\/\/yoast.com\/product\/yoast-seo-wordpress\/ -->\n<title>Construction Accident Lawyers In New York City<\/title>\n<meta name=\"description\" content=\"Are you a victim of a construction accident? Contact Goidel &amp; Siegel accident lawyers now for a free consultation. We&#039;ve recovered millions.\" \/>\n<meta name=\"robots\" content=\"index, follow, max-snippet:-1, max-image-preview:large, max-video-preview:-1\" \/>\n<link rel=\"canonical\" href=\"https:\/\/www.goidelandsiegel.com\/es\/construccion\/\" \/>\n<meta property=\"og:locale\" content=\"es_ES\" \/>\n<meta property=\"og:type\" content=\"article\" \/>\n<meta property=\"og:title\" content=\"Construction Accident Lawyers In New York City\" \/>\n<meta property=\"og:description\" content=\"Are you a victim of a construction accident? Contact Goidel &amp; Siegel accident lawyers now for a free consultation. We&#039;ve recovered millions.\" \/>\n<meta property=\"og:url\" content=\"https:\/\/www.goidelandsiegel.com\/es\/construccion\/\" \/>\n<meta property=\"og:site_name\" content=\"Goidel &amp; Siegel, LLP\" \/>\n<meta property=\"article:publisher\" content=\"https:\/\/www.facebook.com\/goidelandsiegel\" \/>\n<meta property=\"article:modified_time\" content=\"2022-09-05T08:04:24+00:00\" \/>\n<meta property=\"og:image\" content=\"https:\/\/www.goidelandsiegel.com\/wp-content\/uploads\/2021\/08\/Construction-banner.jpg\" \/>\n\t<meta property=\"og:image:width\" content=\"1922\" \/>\n\t<meta property=\"og:image:height\" content=\"300\" \/>\n\t<meta property=\"og:image:type\" content=\"image\/jpeg\" \/>\n<meta name=\"twitter:card\" content=\"summary_large_image\" \/>\n<meta name=\"twitter:label1\" content=\"Tiempo de lectura\" \/>\n\t<meta name=\"twitter:data1\" content=\"1 minuto\" \/>\n<script type=\"application\/ld+json\" class=\"yoast-schema-graph\">{\"@context\":\"https:\\\/\\\/schema.org\",\"@graph\":[{\"@type\":\"WebPage\",\"@id\":\"https:\\\/\\\/www.goidelandsiegel.com\\\/es\\\/construccion\\\/\",\"url\":\"https:\\\/\\\/www.goidelandsiegel.com\\\/es\\\/construccion\\\/\",\"name\":\"Construction Accident Lawyers In New York City\",\"isPartOf\":{\"@id\":\"https:\\\/\\\/www.goidelandsiegel.com\\\/es\\\/#website\"},\"primaryImageOfPage\":{\"@id\":\"https:\\\/\\\/www.goidelandsiegel.com\\\/es\\\/construccion\\\/#primaryimage\"},\"image\":{\"@id\":\"https:\\\/\\\/www.goidelandsiegel.com\\\/es\\\/construccion\\\/#primaryimage\"},\"thumbnailUrl\":\"https:\\\/\\\/www.goidelandsiegel.com\\\/wp-content\\\/uploads\\\/2021\\\/08\\\/Construction-banner.jpg\",\"datePublished\":\"2022-05-27T10:34:41+00:00\",\"dateModified\":\"2022-09-05T08:04:24+00:00\",\"description\":\"Are you a victim of a construction accident? Contact Goidel & Siegel accident lawyers now for a free consultation. We've recovered millions.\",\"inLanguage\":\"es\",\"potentialAction\":[{\"@type\":\"ReadAction\",\"target\":[\"https:\\\/\\\/www.goidelandsiegel.com\\\/es\\\/construccion\\\/\"]}]},{\"@type\":\"ImageObject\",\"inLanguage\":\"es\",\"@id\":\"https:\\\/\\\/www.goidelandsiegel.com\\\/es\\\/construccion\\\/#primaryimage\",\"url\":\"https:\\\/\\\/www.goidelandsiegel.com\\\/wp-content\\\/uploads\\\/2021\\\/08\\\/Construction-banner.jpg\",\"contentUrl\":\"https:\\\/\\\/www.goidelandsiegel.com\\\/wp-content\\\/uploads\\\/2021\\\/08\\\/Construction-banner.jpg\",\"width\":1922,\"height\":300},{\"@type\":\"WebSite\",\"@id\":\"https:\\\/\\\/www.goidelandsiegel.com\\\/es\\\/#website\",\"url\":\"https:\\\/\\\/www.goidelandsiegel.com\\\/es\\\/\",\"name\":\"Goidel &amp; Siegel, LLP\",\"description\":\"Injury Lawyers\",\"publisher\":{\"@id\":\"https:\\\/\\\/www.goidelandsiegel.com\\\/es\\\/#organization\"},\"potentialAction\":[{\"@type\":\"SearchAction\",\"target\":{\"@type\":\"EntryPoint\",\"urlTemplate\":\"https:\\\/\\\/www.goidelandsiegel.com\\\/es\\\/?s={search_term_string}\"},\"query-input\":{\"@type\":\"PropertyValueSpecification\",\"valueRequired\":true,\"valueName\":\"search_term_string\"}}],\"inLanguage\":\"es\"},{\"@type\":\"Organization\",\"@id\":\"https:\\\/\\\/www.goidelandsiegel.com\\\/es\\\/#organization\",\"name\":\"Goidel and Siegel\",\"url\":\"https:\\\/\\\/www.goidelandsiegel.com\\\/es\\\/\",\"logo\":{\"@type\":\"ImageObject\",\"inLanguage\":\"es\",\"@id\":\"https:\\\/\\\/www.goidelandsiegel.com\\\/es\\\/#\\\/schema\\\/logo\\\/image\\\/\",\"url\":\"https:\\\/\\\/www.goidelandsiegel.com\\\/wp-content\\\/uploads\\\/2021\\\/11\\\/cropped-G_S-Favicon.jpg\",\"contentUrl\":\"https:\\\/\\\/www.goidelandsiegel.com\\\/wp-content\\\/uploads\\\/2021\\\/11\\\/cropped-G_S-Favicon.jpg\",\"width\":512,\"height\":512,\"caption\":\"Goidel and Siegel\"},\"image\":{\"@id\":\"https:\\\/\\\/www.goidelandsiegel.com\\\/es\\\/#\\\/schema\\\/logo\\\/image\\\/\"},\"sameAs\":[\"https:\\\/\\\/www.facebook.com\\\/goidelandsiegel\",\"https:\\\/\\\/www.instagram.com\\\/goidelandsiegelllp\\\/\",\"https:\\\/\\\/www.linkedin.com\\\/company\\\/goidel-&amp;-siegel-llp\\\/\",\"https:\\\/\\\/www.youtube.com\\\/channel\\\/UCpHSZ0vQ2jFRFTa3Zf85DFA\"]}]}<\/script>\n<!-- \/ Yoast SEO plugin. -->","yoast_head_json":{"title":"Construction Accident Lawyers In New York City","description":"Are you a victim of a construction accident? Contact Goidel & Siegel accident lawyers now for a free consultation. We've recovered millions.","robots":{"index":"index","follow":"follow","max-snippet":"max-snippet:-1","max-image-preview":"max-image-preview:large","max-video-preview":"max-video-preview:-1"},"canonical":"https:\/\/www.goidelandsiegel.com\/es\/construccion\/","og_locale":"es_ES","og_type":"article","og_title":"Construction Accident Lawyers In New York City","og_description":"Are you a victim of a construction accident? Contact Goidel & Siegel accident lawyers now for a free consultation. We've recovered millions.","og_url":"https:\/\/www.goidelandsiegel.com\/es\/construccion\/","og_site_name":"Goidel &amp; Siegel, LLP","article_publisher":"https:\/\/www.facebook.com\/goidelandsiegel","article_modified_time":"2022-09-05T08:04:24+00:00","og_image":[{"width":1922,"height":300,"url":"https:\/\/www.goidelandsiegel.com\/wp-content\/uploads\/2021\/08\/Construction-banner.jpg","type":"image\/jpeg"}],"twitter_card":"summary_large_image","twitter_misc":{"Tiempo de lectura":"1 minuto"},"schema":{"@context":"https:\/\/schema.org","@graph":[{"@type":"WebPage","@id":"https:\/\/www.goidelandsiegel.com\/es\/construccion\/","url":"https:\/\/www.goidelandsiegel.com\/es\/construccion\/","name":"Construction Accident Lawyers In New York City","isPartOf":{"@id":"https:\/\/www.goidelandsiegel.com\/es\/#website"},"primaryImageOfPage":{"@id":"https:\/\/www.goidelandsiegel.com\/es\/construccion\/#primaryimage"},"image":{"@id":"https:\/\/www.goidelandsiegel.com\/es\/construccion\/#primaryimage"},"thumbnailUrl":"https:\/\/www.goidelandsiegel.com\/wp-content\/uploads\/2021\/08\/Construction-banner.jpg","datePublished":"2022-05-27T10:34:41+00:00","dateModified":"2022-09-05T08:04:24+00:00","description":"Are you a victim of a construction accident? Contact Goidel & Siegel accident lawyers now for a free consultation. We've recovered millions.","inLanguage":"es","potentialAction":[{"@type":"ReadAction","target":["https:\/\/www.goidelandsiegel.com\/es\/construccion\/"]}]},{"@type":"ImageObject","inLanguage":"es","@id":"https:\/\/www.goidelandsiegel.com\/es\/construccion\/#primaryimage","url":"https:\/\/www.goidelandsiegel.com\/wp-content\/uploads\/2021\/08\/Construction-banner.jpg","contentUrl":"https:\/\/www.goidelandsiegel.com\/wp-content\/uploads\/2021\/08\/Construction-banner.jpg","width":1922,"height":300},{"@type":"WebSite","@id":"https:\/\/www.goidelandsiegel.com\/es\/#website","url":"https:\/\/www.goidelandsiegel.com\/es\/","name":"Goidel &amp; Siegel, LLP","description":"Injury Lawyers","publisher":{"@id":"https:\/\/www.goidelandsiegel.com\/es\/#organization"},"potentialAction":[{"@type":"SearchAction","target":{"@type":"EntryPoint","urlTemplate":"https:\/\/www.goidelandsiegel.com\/es\/?s={search_term_string}"},"query-input":{"@type":"PropertyValueSpecification","valueRequired":true,"valueName":"search_term_string"}}],"inLanguage":"es"},{"@type":"Organization","@id":"https:\/\/www.goidelandsiegel.com\/es\/#organization","name":"Goidel and Siegel","url":"https:\/\/www.goidelandsiegel.com\/es\/","logo":{"@type":"ImageObject","inLanguage":"es","@id":"https:\/\/www.goidelandsiegel.com\/es\/#\/schema\/logo\/image\/","url":"https:\/\/www.goidelandsiegel.com\/wp-content\/uploads\/2021\/11\/cropped-G_S-Favicon.jpg","contentUrl":"https:\/\/www.goidelandsiegel.com\/wp-content\/uploads\/2021\/11\/cropped-G_S-Favicon.jpg","width":512,"height":512,"caption":"Goidel and Siegel"},"image":{"@id":"https:\/\/www.goidelandsiegel.com\/es\/#\/schema\/logo\/image\/"},"sameAs":["https:\/\/www.facebook.com\/goidelandsiegel","https:\/\/www.instagram.com\/goidelandsiegelllp\/","https:\/\/www.linkedin.com\/company\/goidel-&amp;-siegel-llp\/","https:\/\/www.youtube.com\/channel\/UCpHSZ0vQ2jFRFTa3Zf85DFA"]}]}},"featured_image_src":"https:\/\/www.goidelandsiegel.com\/wp-content\/uploads\/2021\/08\/Construction-banner-600x300.jpg","featured_image_src_square":"https:\/\/www.goidelandsiegel.com\/wp-content\/uploads\/2021\/08\/Construction-banner-600x300.jpg","_links":{"self":[{"href":"https:\/\/www.goidelandsiegel.com\/es\/wp-json\/wp\/v2\/pages\/3073","targetHints":{"allow":["GET"]}}],"collection":[{"href":"https:\/\/www.goidelandsiegel.com\/es\/wp-json\/wp\/v2\/pages"}],"about":[{"href":"https:\/\/www.goidelandsiegel.com\/es\/wp-json\/wp\/v2\/types\/page"}],"author":[{"embeddable":true,"href":"https:\/\/www.goidelandsiegel.com\/es\/wp-json\/wp\/v2\/users\/1"}],"replies":[{"embeddable":true,"href":"https:\/\/www.goidelandsiegel.com\/es\/wp-json\/wp\/v2\/comments?post=3073"}],"version-history":[{"count":0,"href":"https:\/\/www.goidelandsiegel.com\/es\/wp-json\/wp\/v2\/pages\/3073\/revisions"}],"wp:featuredmedia":[{"embeddable":true,"href":"https:\/\/www.goidelandsiegel.com\/es\/wp-json\/wp\/v2\/media\/1658"}],"wp:attachment":[{"href":"https:\/\/www.goidelandsiegel.com\/es\/wp-json\/wp\/v2\/media?parent=3073"}],"curies":[{"name":"wp","href":"https:\/\/api.w.org\/{rel}","templated":true}]}}