{"id":3023,"date":"2022-05-26T03:16:52","date_gmt":"2022-05-26T03:16:52","guid":{"rendered":"http:\/\/www.goidelandsiegel.com\/resultados\/"},"modified":"2022-06-16T03:32:37","modified_gmt":"2022-06-16T03:32:37","slug":"resultados","status":"publish","type":"page","link":"https:\/\/www.goidelandsiegel.com\/es\/resultados\/","title":{"rendered":"Resultados"},"content":{"rendered":"<div class=\"content-container\">\n<h2>Hemos recuperado millones<\/h2>\n<p><strong>Los resultados anteriores no garantizan el \u00e9xito futuro, y cada caso de lesi\u00f3n es \u00fanico.<\/strong> Sin embargo, los siguientes resultados que nuestros abogados de la ciudad de Nueva York han obtenido para los heridos graves en los \u00faltimos a\u00f1os proporcionan una excelente visi\u00f3n de los diversos casos y demandas que manejamos. Nuestros abogados construyen los casos para el juicio y los llevan a trav\u00e9s de la apelaci\u00f3n cuando es necesario, a menudo superando las circunstancias del accidente discutidas o controvertidas y los esfuerzos rigurosos de la defensa para evitar la responsabilidad.<\/p>\n<\/div>\n","protected":false},"excerpt":{"rendered":"<p>Hemos recuperado millones Los resultados anteriores no garantizan el \u00e9xito futuro, y cada caso de lesi\u00f3n es \u00fanico. Sin embargo, los siguientes resultados que nuestros abogados de la ciudad de Nueva York han obtenido para los heridos graves en los \u00faltimos a\u00f1os proporcionan una excelente visi\u00f3n de los diversos casos y demandas que manejamos. Nuestros [&hellip;]<\/p>\n","protected":false},"author":1,"featured_media":1646,"parent":0,"menu_order":0,"comment_status":"closed","ping_status":"closed","template":"","meta":{"_monsterinsights_skip_tracking":false,"_monsterinsights_sitenote_active":false,"_monsterinsights_sitenote_note":"","_monsterinsights_sitenote_category":0,"footnotes":"","_links_to":"","_links_to_target":""},"class_list":["post-3023","page","type-page","status-publish","has-post-thumbnail","hentry"],"acf":[],"yoast_head":"<!-- This site is optimized with the Yoast SEO plugin v27.4 - https:\/\/yoast.com\/product\/yoast-seo-wordpress\/ -->\n<title>Settlements | 31+ Years &amp; Millions Recovered | Goidel &amp; Siegel Personal Injury Attorneys NYC<\/title>\n<meta name=\"description\" content=\"Goidel &amp; Siegel has represented hundreds of NYC area personal injury cases, &amp; won millions in settlements. Contact today for a FREE consultation.\" \/>\n<meta name=\"robots\" content=\"index, follow, max-snippet:-1, max-image-preview:large, max-video-preview:-1\" \/>\n<link rel=\"canonical\" href=\"https:\/\/www.goidelandsiegel.com\/es\/resultados\/\" \/>\n<meta property=\"og:locale\" content=\"es_ES\" \/>\n<meta property=\"og:type\" content=\"article\" \/>\n<meta property=\"og:title\" content=\"Settlements | 31+ Years &amp; Millions Recovered | Goidel &amp; Siegel Personal Injury Attorneys NYC\" \/>\n<meta property=\"og:description\" content=\"Goidel &amp; Siegel has represented hundreds of NYC area personal injury cases, &amp; won millions in settlements. Contact today for a FREE consultation.\" \/>\n<meta property=\"og:url\" content=\"https:\/\/www.goidelandsiegel.com\/es\/resultados\/\" \/>\n<meta property=\"og:site_name\" content=\"Goidel &amp; Siegel, LLP\" \/>\n<meta property=\"article:publisher\" content=\"https:\/\/www.facebook.com\/goidelandsiegel\" \/>\n<meta property=\"article:modified_time\" content=\"2022-06-16T03:32:37+00:00\" \/>\n<meta property=\"og:image\" content=\"https:\/\/www.goidelandsiegel.com\/wp-content\/uploads\/2021\/08\/result-banner.jpg\" \/>\n\t<meta property=\"og:image:width\" content=\"1922\" \/>\n\t<meta property=\"og:image:height\" content=\"300\" \/>\n\t<meta property=\"og:image:type\" content=\"image\/jpeg\" \/>\n<meta name=\"twitter:card\" content=\"summary_large_image\" \/>\n<script type=\"application\/ld+json\" class=\"yoast-schema-graph\">{\"@context\":\"https:\\\/\\\/schema.org\",\"@graph\":[{\"@type\":\"WebPage\",\"@id\":\"https:\\\/\\\/www.goidelandsiegel.com\\\/es\\\/resultados\\\/\",\"url\":\"https:\\\/\\\/www.goidelandsiegel.com\\\/es\\\/resultados\\\/\",\"name\":\"Settlements | 31+ Years & Millions Recovered | Goidel & Siegel Personal Injury Attorneys NYC\",\"isPartOf\":{\"@id\":\"https:\\\/\\\/www.goidelandsiegel.com\\\/es\\\/#website\"},\"primaryImageOfPage\":{\"@id\":\"https:\\\/\\\/www.goidelandsiegel.com\\\/es\\\/resultados\\\/#primaryimage\"},\"image\":{\"@id\":\"https:\\\/\\\/www.goidelandsiegel.com\\\/es\\\/resultados\\\/#primaryimage\"},\"thumbnailUrl\":\"https:\\\/\\\/www.goidelandsiegel.com\\\/wp-content\\\/uploads\\\/2021\\\/08\\\/result-banner.jpg\",\"datePublished\":\"2022-05-26T03:16:52+00:00\",\"dateModified\":\"2022-06-16T03:32:37+00:00\",\"description\":\"Goidel & Siegel has represented hundreds of NYC area personal injury cases, & won millions in settlements. Contact today for a FREE consultation.\",\"inLanguage\":\"es\",\"potentialAction\":[{\"@type\":\"ReadAction\",\"target\":[\"https:\\\/\\\/www.goidelandsiegel.com\\\/es\\\/resultados\\\/\"]}]},{\"@type\":\"ImageObject\",\"inLanguage\":\"es\",\"@id\":\"https:\\\/\\\/www.goidelandsiegel.com\\\/es\\\/resultados\\\/#primaryimage\",\"url\":\"https:\\\/\\\/www.goidelandsiegel.com\\\/wp-content\\\/uploads\\\/2021\\\/08\\\/result-banner.jpg\",\"contentUrl\":\"https:\\\/\\\/www.goidelandsiegel.com\\\/wp-content\\\/uploads\\\/2021\\\/08\\\/result-banner.jpg\",\"width\":1922,\"height\":300},{\"@type\":\"WebSite\",\"@id\":\"https:\\\/\\\/www.goidelandsiegel.com\\\/es\\\/#website\",\"url\":\"https:\\\/\\\/www.goidelandsiegel.com\\\/es\\\/\",\"name\":\"Goidel &amp; Siegel, LLP\",\"description\":\"Injury Lawyers\",\"publisher\":{\"@id\":\"https:\\\/\\\/www.goidelandsiegel.com\\\/es\\\/#organization\"},\"potentialAction\":[{\"@type\":\"SearchAction\",\"target\":{\"@type\":\"EntryPoint\",\"urlTemplate\":\"https:\\\/\\\/www.goidelandsiegel.com\\\/es\\\/?s={search_term_string}\"},\"query-input\":{\"@type\":\"PropertyValueSpecification\",\"valueRequired\":true,\"valueName\":\"search_term_string\"}}],\"inLanguage\":\"es\"},{\"@type\":\"Organization\",\"@id\":\"https:\\\/\\\/www.goidelandsiegel.com\\\/es\\\/#organization\",\"name\":\"Goidel and Siegel\",\"url\":\"https:\\\/\\\/www.goidelandsiegel.com\\\/es\\\/\",\"logo\":{\"@type\":\"ImageObject\",\"inLanguage\":\"es\",\"@id\":\"https:\\\/\\\/www.goidelandsiegel.com\\\/es\\\/#\\\/schema\\\/logo\\\/image\\\/\",\"url\":\"https:\\\/\\\/www.goidelandsiegel.com\\\/wp-content\\\/uploads\\\/2021\\\/11\\\/cropped-G_S-Favicon.jpg\",\"contentUrl\":\"https:\\\/\\\/www.goidelandsiegel.com\\\/wp-content\\\/uploads\\\/2021\\\/11\\\/cropped-G_S-Favicon.jpg\",\"width\":512,\"height\":512,\"caption\":\"Goidel and Siegel\"},\"image\":{\"@id\":\"https:\\\/\\\/www.goidelandsiegel.com\\\/es\\\/#\\\/schema\\\/logo\\\/image\\\/\"},\"sameAs\":[\"https:\\\/\\\/www.facebook.com\\\/goidelandsiegel\",\"https:\\\/\\\/www.instagram.com\\\/goidelandsiegelllp\\\/\",\"https:\\\/\\\/www.linkedin.com\\\/company\\\/goidel-&amp;-siegel-llp\\\/\",\"https:\\\/\\\/www.youtube.com\\\/channel\\\/UCpHSZ0vQ2jFRFTa3Zf85DFA\"]}]}<\/script>\n<!-- \/ Yoast SEO plugin. -->","yoast_head_json":{"title":"Settlements | 31+ Years & Millions Recovered | Goidel & Siegel Personal Injury Attorneys NYC","description":"Goidel & Siegel has represented hundreds of NYC area personal injury cases, & won millions in settlements. Contact today for a FREE consultation.","robots":{"index":"index","follow":"follow","max-snippet":"max-snippet:-1","max-image-preview":"max-image-preview:large","max-video-preview":"max-video-preview:-1"},"canonical":"https:\/\/www.goidelandsiegel.com\/es\/resultados\/","og_locale":"es_ES","og_type":"article","og_title":"Settlements | 31+ Years & Millions Recovered | Goidel & Siegel Personal Injury Attorneys NYC","og_description":"Goidel & Siegel has represented hundreds of NYC area personal injury cases, & won millions in settlements. Contact today for a FREE consultation.","og_url":"https:\/\/www.goidelandsiegel.com\/es\/resultados\/","og_site_name":"Goidel &amp; Siegel, LLP","article_publisher":"https:\/\/www.facebook.com\/goidelandsiegel","article_modified_time":"2022-06-16T03:32:37+00:00","og_image":[{"width":1922,"height":300,"url":"https:\/\/www.goidelandsiegel.com\/wp-content\/uploads\/2021\/08\/result-banner.jpg","type":"image\/jpeg"}],"twitter_card":"summary_large_image","schema":{"@context":"https:\/\/schema.org","@graph":[{"@type":"WebPage","@id":"https:\/\/www.goidelandsiegel.com\/es\/resultados\/","url":"https:\/\/www.goidelandsiegel.com\/es\/resultados\/","name":"Settlements | 31+ Years & Millions Recovered | Goidel & Siegel Personal Injury Attorneys NYC","isPartOf":{"@id":"https:\/\/www.goidelandsiegel.com\/es\/#website"},"primaryImageOfPage":{"@id":"https:\/\/www.goidelandsiegel.com\/es\/resultados\/#primaryimage"},"image":{"@id":"https:\/\/www.goidelandsiegel.com\/es\/resultados\/#primaryimage"},"thumbnailUrl":"https:\/\/www.goidelandsiegel.com\/wp-content\/uploads\/2021\/08\/result-banner.jpg","datePublished":"2022-05-26T03:16:52+00:00","dateModified":"2022-06-16T03:32:37+00:00","description":"Goidel & Siegel has represented hundreds of NYC area personal injury cases, & won millions in settlements. Contact today for a FREE consultation.","inLanguage":"es","potentialAction":[{"@type":"ReadAction","target":["https:\/\/www.goidelandsiegel.com\/es\/resultados\/"]}]},{"@type":"ImageObject","inLanguage":"es","@id":"https:\/\/www.goidelandsiegel.com\/es\/resultados\/#primaryimage","url":"https:\/\/www.goidelandsiegel.com\/wp-content\/uploads\/2021\/08\/result-banner.jpg","contentUrl":"https:\/\/www.goidelandsiegel.com\/wp-content\/uploads\/2021\/08\/result-banner.jpg","width":1922,"height":300},{"@type":"WebSite","@id":"https:\/\/www.goidelandsiegel.com\/es\/#website","url":"https:\/\/www.goidelandsiegel.com\/es\/","name":"Goidel &amp; Siegel, LLP","description":"Injury Lawyers","publisher":{"@id":"https:\/\/www.goidelandsiegel.com\/es\/#organization"},"potentialAction":[{"@type":"SearchAction","target":{"@type":"EntryPoint","urlTemplate":"https:\/\/www.goidelandsiegel.com\/es\/?s={search_term_string}"},"query-input":{"@type":"PropertyValueSpecification","valueRequired":true,"valueName":"search_term_string"}}],"inLanguage":"es"},{"@type":"Organization","@id":"https:\/\/www.goidelandsiegel.com\/es\/#organization","name":"Goidel and Siegel","url":"https:\/\/www.goidelandsiegel.com\/es\/","logo":{"@type":"ImageObject","inLanguage":"es","@id":"https:\/\/www.goidelandsiegel.com\/es\/#\/schema\/logo\/image\/","url":"https:\/\/www.goidelandsiegel.com\/wp-content\/uploads\/2021\/11\/cropped-G_S-Favicon.jpg","contentUrl":"https:\/\/www.goidelandsiegel.com\/wp-content\/uploads\/2021\/11\/cropped-G_S-Favicon.jpg","width":512,"height":512,"caption":"Goidel and Siegel"},"image":{"@id":"https:\/\/www.goidelandsiegel.com\/es\/#\/schema\/logo\/image\/"},"sameAs":["https:\/\/www.facebook.com\/goidelandsiegel","https:\/\/www.instagram.com\/goidelandsiegelllp\/","https:\/\/www.linkedin.com\/company\/goidel-&amp;-siegel-llp\/","https:\/\/www.youtube.com\/channel\/UCpHSZ0vQ2jFRFTa3Zf85DFA"]}]}},"featured_image_src":"https:\/\/www.goidelandsiegel.com\/wp-content\/uploads\/2021\/08\/result-banner-600x300.jpg","featured_image_src_square":"https:\/\/www.goidelandsiegel.com\/wp-content\/uploads\/2021\/08\/result-banner-600x300.jpg","_links":{"self":[{"href":"https:\/\/www.goidelandsiegel.com\/es\/wp-json\/wp\/v2\/pages\/3023","targetHints":{"allow":["GET"]}}],"collection":[{"href":"https:\/\/www.goidelandsiegel.com\/es\/wp-json\/wp\/v2\/pages"}],"about":[{"href":"https:\/\/www.goidelandsiegel.com\/es\/wp-json\/wp\/v2\/types\/page"}],"author":[{"embeddable":true,"href":"https:\/\/www.goidelandsiegel.com\/es\/wp-json\/wp\/v2\/users\/1"}],"replies":[{"embeddable":true,"href":"https:\/\/www.goidelandsiegel.com\/es\/wp-json\/wp\/v2\/comments?post=3023"}],"version-history":[{"count":0,"href":"https:\/\/www.goidelandsiegel.com\/es\/wp-json\/wp\/v2\/pages\/3023\/revisions"}],"wp:featuredmedia":[{"embeddable":true,"href":"https:\/\/www.goidelandsiegel.com\/es\/wp-json\/wp\/v2\/media\/1646"}],"wp:attachment":[{"href":"https:\/\/www.goidelandsiegel.com\/es\/wp-json\/wp\/v2\/media?parent=3023"}],"curies":[{"name":"wp","href":"https:\/\/api.w.org\/{rel}","templated":true}]}}